{"id":6723,"date":"2025-12-24T12:47:54","date_gmt":"2025-12-24T12:47:54","guid":{"rendered":"https:\/\/solepilates.com.tr\/?page_id=6723"},"modified":"2026-01-02T14:22:17","modified_gmt":"2026-01-02T14:22:17","slug":"hakkimizda","status":"publish","type":"page","link":"https:\/\/solepilates.com.tr\/en\/hakkimizda\/","title":{"rendered":"About Us"},"content":{"rendered":"<div data-elementor-type=\"wp-page\" data-elementor-id=\"6723\" class=\"elementor elementor-6723\">\n\t\t\t\t\t\t<section class=\"elementor-section elementor-top-section elementor-element elementor-element-63a1fb8c elementor-section-boxed elementor-section-height-default elementor-section-height-default\" data-id=\"63a1fb8c\" data-element_type=\"section\" data-settings=\"{&quot;background_background&quot;:&quot;gradient&quot;}\">\n\t\t\t\t\t\t\t<div class=\"elementor-background-overlay\"><\/div>\n\t\t\t\t\t\t\t<div class=\"elementor-container elementor-column-gap-default\">\n\t\t\t\t\t<div class=\"elementor-column elementor-col-100 elementor-top-column elementor-element elementor-element-282fc69f\" data-id=\"282fc69f\" data-element_type=\"column\">\n\t\t\t<div class=\"elementor-widget-wrap elementor-element-populated\">\n\t\t\t\t\t\t<section class=\"elementor-section elementor-inner-section elementor-element elementor-element-12bc8e9c elementor-section-boxed elementor-section-height-default elementor-section-height-default\" data-id=\"12bc8e9c\" data-element_type=\"section\">\n\t\t\t\t\t\t<div class=\"elementor-container elementor-column-gap-default\">\n\t\t\t\t\t<div class=\"elementor-column elementor-col-50 elementor-inner-column elementor-element elementor-element-2377c8f3\" data-id=\"2377c8f3\" data-element_type=\"column\">\n\t\t\t<div class=\"elementor-widget-wrap elementor-element-populated\">\n\t\t\t\t\t\t<div class=\"elementor-element elementor-element-cccc487 elementor-widget elementor-widget-hub_fancy_heading\" data-id=\"cccc487\" data-element_type=\"widget\" data-widget_type=\"hub_fancy_heading.default\">\n\t\t\t\t<div class=\"elementor-widget-container\">\n\t\t\t\t\t\n\t\t<div id=\"ld-fancy-heading-69f0ec676dba8\" class=\"ld-fancy-heading pos-rel\">\n\t\t\t<h1 class=\"ld-fh-element d-inline-block pos-rel  elementor-heading-title lqd-highlight-classic lqd-highlight-grow-left h1\"  > About Us<\/h1>\t\t<\/div>\n\n\t\t\t\t\t\t<\/div>\n\t\t\t\t<\/div>\n\t\t\t\t\t<\/div>\n\t\t<\/div>\n\t\t\t\t<div class=\"elementor-column elementor-col-50 elementor-inner-column elementor-element elementor-element-6675b4c5\" data-id=\"6675b4c5\" data-element_type=\"column\">\n\t\t\t<div class=\"elementor-widget-wrap elementor-element-populated\">\n\t\t\t\t\t\t<div class=\"elementor-element elementor-element-24c57b6 elementor-widget elementor-widget-hub_fancy_heading\" data-id=\"24c57b6\" data-element_type=\"widget\" data-widget_type=\"hub_fancy_heading.default\">\n\t\t\t\t<div class=\"elementor-widget-container\">\n\t\t\t\t\t\n\t\t<div id=\"ld-fancy-heading-69f0ec676ec18\" class=\"ld-fancy-heading pos-rel\">\n\t\t\t<p class=\"ld-fh-element d-inline-block pos-rel  lqd-highlight-classic lqd-highlight-grow-left p\"  > Sole Pilates offers long-lasting Pilates equipment crafted with meticulous attention to detail and high quality standards.<\/p>\t\t<\/div>\n\n\t\t\t\t\t\t<\/div>\n\t\t\t\t<\/div>\n\t\t\t\t\t<\/div>\n\t\t<\/div>\n\t\t\t\t\t<\/div>\n\t\t<\/section>\n\t\t\t\t\t<\/div>\n\t\t<\/div>\n\t\t\t\t\t<\/div>\n\t\t<\/section>\n\t\t\t\t<section class=\"elementor-section elementor-top-section elementor-element elementor-element-4c805994 elementor-section-boxed elementor-section-height-default elementor-section-height-default\" data-id=\"4c805994\" data-element_type=\"section\" id=\"history\">\n\t\t\t\t\t\t<div class=\"elementor-container elementor-column-gap-default\">\n\t\t\t\t\t<div class=\"elementor-column elementor-col-100 elementor-top-column elementor-element elementor-element-6703a742\" data-id=\"6703a742\" data-element_type=\"column\">\n\t\t\t<div class=\"elementor-widget-wrap elementor-element-populated\">\n\t\t\t\t\t\t<div class=\"elementor-element elementor-element-3f5d37f8 elementor-widget__width-initial elementor-widget elementor-widget-hub_fancy_heading\" data-id=\"3f5d37f8\" data-element_type=\"widget\" data-widget_type=\"hub_fancy_heading.default\">\n\t\t\t\t<div class=\"elementor-widget-container\">\n\t\t\t\t\t\n\t\t<div id=\"ld-fancy-heading-69f0ec676f8f1\" class=\"ld-fancy-heading pos-rel\">\n\t\t\t<h2 class=\"ld-fh-element d-inline-block pos-rel  elementor-heading-title lqd-highlight-classic lqd-highlight-grow-left h2\"  > Sole Pilates provides professional equipment that supports controlled movement.<\/h2>\t\t<\/div>\n\n\t\t\t\t\t\t<\/div>\n\t\t\t\t<\/div>\n\t\t\t\t<div class=\"elementor-element elementor-element-4734929a elementor-widget elementor-widget-hub_fancy_heading\" data-id=\"4734929a\" data-element_type=\"widget\" data-widget_type=\"hub_fancy_heading.default\">\n\t\t\t\t<div class=\"elementor-widget-container\">\n\t\t\t\t\t\n\t\t<div id=\"ld-fancy-heading-69f0ec677055d\" class=\"ld-fancy-heading pos-rel\">\n\t\t\t<p class=\"ld-fh-element d-inline-block pos-rel  lqd-highlight-classic lqd-highlight-grow-left p\"  > Sole Pilates brings together over 30 years of manufacturing and sales experience in the sports industry with professional knowledge and field experience in Pilates. This long-standing technical expertise forms the foundation for developing durable, safe, and aesthetic products.\nCombined with engineering knowledge, instructor experience, and studio management background, it results in functional and long-lasting equipment suitable for studio use. All of our products are developed through testing in real studio environments.<\/p>\t\t<\/div>\n\n\t\t\t\t\t\t<\/div>\n\t\t\t\t<\/div>\n\t\t\t\t<section class=\"elementor-section elementor-inner-section elementor-element elementor-element-5767edd2 elementor-section-boxed elementor-section-height-default elementor-section-height-default\" data-id=\"5767edd2\" data-element_type=\"section\">\n\t\t\t\t\t\t<div class=\"elementor-container elementor-column-gap-default\">\n\t\t\t\t\t<div class=\"elementor-column elementor-col-50 elementor-inner-column elementor-element elementor-element-b9b3d\" data-id=\"b9b3d\" data-element_type=\"column\">\n\t\t\t<div class=\"elementor-widget-wrap elementor-element-populated\">\n\t\t\t\t\t\t<div class=\"elementor-element elementor-element-45e15679 elementor-widget elementor-widget-hub_fancy_heading\" data-id=\"45e15679\" data-element_type=\"widget\" data-widget_type=\"hub_fancy_heading.default\">\n\t\t\t\t<div class=\"elementor-widget-container\">\n\t\t\t\t\t\n\t\t<div id=\"ld-fancy-heading-69f0ec6771543\" class=\"ld-fancy-heading pos-rel\">\n\t\t\t<h6 class=\"ld-fh-element d-inline-block pos-rel  elementor-heading-title lqd-highlight-classic lqd-highlight-grow-left h6\"  > 100<sup><small style=\"color: inherit;font-size: 35%\">%<\/small><\/sup><\/h6>\t\t<\/div>\n\n\t\t\t\t\t\t<\/div>\n\t\t\t\t<\/div>\n\t\t\t\t<div class=\"elementor-element elementor-element-61ae1fdf elementor-widget elementor-widget-hub_fancy_heading\" data-id=\"61ae1fdf\" data-element_type=\"widget\" data-widget_type=\"hub_fancy_heading.default\">\n\t\t\t\t<div class=\"elementor-widget-container\">\n\t\t\t\t\t\n\t\t<div id=\"ld-fancy-heading-69f0ec67722a8\" class=\"ld-fancy-heading pos-rel\">\n\t\t\t<h5 class=\"ld-fh-element d-inline-block pos-rel  elementor-heading-title lqd-highlight-classic lqd-highlight-grow-left h5\"  > Functional Engineering\n<\/h5>\t\t<\/div>\n\n\t\t\t\t\t\t<\/div>\n\t\t\t\t<\/div>\n\t\t\t\t<div class=\"elementor-element elementor-element-3afdecd9 elementor-widget elementor-widget-hub_fancy_heading\" data-id=\"3afdecd9\" data-element_type=\"widget\" data-widget_type=\"hub_fancy_heading.default\">\n\t\t\t\t<div class=\"elementor-widget-container\">\n\t\t\t\t\t\n\t\t<div id=\"ld-fancy-heading-69f0ec6772db1\" class=\"ld-fancy-heading pos-rel\">\n\t\t\t<p class=\"ld-fh-element d-inline-block pos-rel  lqd-highlight-classic lqd-highlight-grow-left p\"  > A design approach developed through real-world field experience that supports controlled movement and stability.<\/p>\t\t<\/div>\n\n\t\t\t\t\t\t<\/div>\n\t\t\t\t<\/div>\n\t\t\t\t\t<\/div>\n\t\t<\/div>\n\t\t\t\t<div class=\"elementor-column elementor-col-50 elementor-inner-column elementor-element elementor-element-6844cbcb\" data-id=\"6844cbcb\" data-element_type=\"column\">\n\t\t\t<div class=\"elementor-widget-wrap elementor-element-populated\">\n\t\t\t\t\t\t<div class=\"elementor-element elementor-element-55ec6e87 elementor-widget elementor-widget-hub_fancy_heading\" data-id=\"55ec6e87\" data-element_type=\"widget\" data-widget_type=\"hub_fancy_heading.default\">\n\t\t\t\t<div class=\"elementor-widget-container\">\n\t\t\t\t\t\n\t\t<div id=\"ld-fancy-heading-69f0ec67738a1\" class=\"ld-fancy-heading pos-rel\">\n\t\t\t<h6 class=\"ld-fh-element d-inline-block pos-rel  elementor-heading-title lqd-highlight-classic lqd-highlight-grow-left h6\"  > 100<sup><small style=\"color: inherit;font-size: 35%\">%<\/small><\/sup><\/h6>\t\t<\/div>\n\n\t\t\t\t\t\t<\/div>\n\t\t\t\t<\/div>\n\t\t\t\t<div class=\"elementor-element elementor-element-2e0b0360 elementor-widget elementor-widget-hub_fancy_heading\" data-id=\"2e0b0360\" data-element_type=\"widget\" data-widget_type=\"hub_fancy_heading.default\">\n\t\t\t\t<div class=\"elementor-widget-container\">\n\t\t\t\t\t\n\t\t<div id=\"ld-fancy-heading-69f0ec6774997\" class=\"ld-fancy-heading pos-rel\">\n\t\t\t<h5 class=\"ld-fh-element d-inline-block pos-rel  elementor-heading-title lqd-highlight-classic lqd-highlight-grow-left h5\"  > Professional Reliability\n<\/h5>\t\t<\/div>\n\n\t\t\t\t\t\t<\/div>\n\t\t\t\t<\/div>\n\t\t\t\t<div class=\"elementor-element elementor-element-3593f86a elementor-widget elementor-widget-hub_fancy_heading\" data-id=\"3593f86a\" data-element_type=\"widget\" data-widget_type=\"hub_fancy_heading.default\">\n\t\t\t\t<div class=\"elementor-widget-container\">\n\t\t\t\t\t\n\t\t<div id=\"ld-fancy-heading-69f0ec67756fe\" class=\"ld-fancy-heading pos-rel\">\n\t\t\t<p class=\"ld-fh-element d-inline-block pos-rel  lqd-highlight-classic lqd-highlight-grow-left p\"  > High quality standards, selected materials, and production focused on long-lasting use.<\/p>\t\t<\/div>\n\n\t\t\t\t\t\t<\/div>\n\t\t\t\t<\/div>\n\t\t\t\t\t<\/div>\n\t\t<\/div>\n\t\t\t\t\t<\/div>\n\t\t<\/section>\n\t\t\t\t\t<\/div>\n\t\t<\/div>\n\t\t\t\t\t<\/div>\n\t\t<\/section>\n\t\t\t\t<section class=\"elementor-section elementor-top-section elementor-element elementor-element-149c3fe elementor-section-boxed elementor-section-height-default elementor-section-height-default\" data-id=\"149c3fe\" data-element_type=\"section\" id=\"consultancy\" data-settings=\"{&quot;background_background&quot;:&quot;slideshow&quot;,&quot;background_slideshow_gallery&quot;:[{&quot;id&quot;:6756,&quot;url&quot;:&quot;http:\\\/\\\/solepilates.com.tr\\\/wp-content\\\/uploads\\\/2025\\\/12\\\/6U2A9948-5-2.jpg&quot;}],&quot;background_slideshow_loop&quot;:&quot;yes&quot;,&quot;background_slideshow_slide_duration&quot;:5000,&quot;background_slideshow_slide_transition&quot;:&quot;fade&quot;,&quot;background_slideshow_transition_duration&quot;:500}\">\n\t\t\t\t\t\t<div class=\"elementor-container elementor-column-gap-default\">\n\t\t\t\t\t<div class=\"elementor-column elementor-col-100 elementor-top-column elementor-element elementor-element-257efc7e\" data-id=\"257efc7e\" data-element_type=\"column\" data-settings=\"{&quot;background_background&quot;:&quot;classic&quot;}\">\n\t\t\t<div class=\"elementor-widget-wrap elementor-element-populated\">\n\t\t\t\t\t\t<section class=\"elementor-section elementor-inner-section elementor-element elementor-element-62420161 elementor-section-boxed elementor-section-height-default elementor-section-height-default\" data-id=\"62420161\" data-element_type=\"section\">\n\t\t\t\t\t\t<div class=\"elementor-container elementor-column-gap-default\">\n\t\t\t\t\t<div class=\"elementor-column elementor-col-50 elementor-inner-column elementor-element elementor-element-71dd626a\" data-id=\"71dd626a\" data-element_type=\"column\">\n\t\t\t<div class=\"elementor-widget-wrap elementor-element-populated\">\n\t\t\t\t\t\t<div class=\"elementor-element elementor-element-70b801fe elementor-widget elementor-widget-hub_fancy_heading\" data-id=\"70b801fe\" data-element_type=\"widget\" data-widget_type=\"hub_fancy_heading.default\">\n\t\t\t\t<div class=\"elementor-widget-container\">\n\t\t\t\t\t\n\t\t<div id=\"ld-fancy-heading-69f0ec67762c5\" class=\"ld-fancy-heading pos-rel\">\n\t\t\t<h6 class=\"ld-fh-element d-inline-block pos-rel  elementor-heading-title lqd-highlight-classic lqd-highlight-grow-left h6\"  > Our Vision<\/h6>\t\t<\/div>\n\n\t\t\t\t\t\t<\/div>\n\t\t\t\t<\/div>\n\t\t\t\t<div class=\"elementor-element elementor-element-3586a06f elementor-widget elementor-widget-hub_fancy_heading\" data-id=\"3586a06f\" data-element_type=\"widget\" data-widget_type=\"hub_fancy_heading.default\">\n\t\t\t\t<div class=\"elementor-widget-container\">\n\t\t\t\t\t\n\t\t<div id=\"ld-fancy-heading-69f0ec6777068\" class=\"ld-fancy-heading pos-rel\">\n\t\t\t<p class=\"ld-fh-element d-inline-block pos-rel  lqd-highlight-classic lqd-highlight-grow-left p\"  > We believe that designing durable and long-lasting Pilates equipment that supports controlled movement forms the foundation of a high-quality and safe training experience.\nAs Sole Pilates, we aim to deliver sustainable solutions for professional studios and individual users by bringing together functionality, balance, and ergonomics in every product.<\/p>\t\t<\/div>\n\n\t\t\t\t\t\t<\/div>\n\t\t\t\t<\/div>\n\t\t\t\t\t<\/div>\n\t\t<\/div>\n\t\t\t\t<div class=\"elementor-column elementor-col-50 elementor-inner-column elementor-element elementor-element-313d0142\" data-id=\"313d0142\" data-element_type=\"column\">\n\t\t\t<div class=\"elementor-widget-wrap elementor-element-populated\">\n\t\t\t\t\t\t<div class=\"elementor-element elementor-element-9865c55 elementor-widget-mobile__width-initial elementor-align-center elementor-widget elementor-widget-ld_counter\" data-id=\"9865c55\" data-element_type=\"widget\" data-widget_type=\"ld_counter.default\">\n\t\t\t\t<div class=\"elementor-widget-container\">\n\t\t\t\t\t\n\t\t<div id=\"lqd-counter-9865c55\" class=\"lqd-counter pos-rel center lqd-counter-default\">\n\n\t\t\t\n\t\t\t<div class=\"lqd-counter-element pos-rel\" data-enable-counter=\"true\" data-counter-options=\"{&quot;targetNumber&quot;:&quot;40&quot;}\">\n\t\t\t\t<span class=\"lqd-counter-nums-wrap d-block pos-rel\">40<\/span>\t\t\t<\/div>\n\n\t\t\t\n\t\t<\/div>\n\n\t\t\t\t\t\t<\/div>\n\t\t\t\t<\/div>\n\t\t\t\t<div class=\"elementor-element elementor-element-6ec4ffad elementor-widget elementor-widget-hub_fancy_heading\" data-id=\"6ec4ffad\" data-element_type=\"widget\" data-widget_type=\"hub_fancy_heading.default\">\n\t\t\t\t<div class=\"elementor-widget-container\">\n\t\t\t\t\t\n\t\t<div id=\"ld-fancy-heading-69f0ec677c374\" class=\"ld-fancy-heading pos-rel\">\n\t\t\t<p class=\"ld-fh-element d-inline-block pos-rel  lqd-highlight-classic lqd-highlight-grow-left p\"  > Years of Experience<\/p>\t\t<\/div>\n\n\t\t\t\t\t\t<\/div>\n\t\t\t\t<\/div>\n\t\t\t\t\t<\/div>\n\t\t<\/div>\n\t\t\t\t\t<\/div>\n\t\t<\/section>\n\t\t\t\t\t<\/div>\n\t\t<\/div>\n\t\t\t\t\t<\/div>\n\t\t<\/section>\n\t\t\t\t<section class=\"elementor-section elementor-top-section elementor-element elementor-element-4dc9aed0 elementor-section-boxed elementor-section-height-default elementor-section-height-default\" data-id=\"4dc9aed0\" data-element_type=\"section\" id=\"digital-solutions\">\n\t\t\t\t\t\t<div class=\"elementor-container elementor-column-gap-default\">\n\t\t\t\t\t<div class=\"elementor-column elementor-col-100 elementor-top-column elementor-element elementor-element-182ab586\" data-id=\"182ab586\" data-element_type=\"column\">\n\t\t\t<div class=\"elementor-widget-wrap elementor-element-populated\">\n\t\t\t\t\t\t<section class=\"elementor-section elementor-inner-section elementor-element elementor-element-7a30c9a8 elementor-section-boxed elementor-section-height-default elementor-section-height-default\" data-id=\"7a30c9a8\" data-element_type=\"section\">\n\t\t\t\t\t\t<div class=\"elementor-container elementor-column-gap-default\">\n\t\t\t\t\t<div class=\"elementor-column elementor-col-50 elementor-inner-column elementor-element elementor-element-435a08a1\" data-id=\"435a08a1\" data-element_type=\"column\">\n\t\t\t<div class=\"elementor-widget-wrap elementor-element-populated\">\n\t\t\t\t\t\t<div class=\"elementor-element elementor-element-4524c7ee elementor-widget elementor-widget-ld_milestone\" data-id=\"4524c7ee\" data-element_type=\"widget\" data-widget_type=\"ld_milestone.default\">\n\t\t\t\t<div class=\"elementor-widget-container\">\n\t\t\t\t\t\t\t<div class=\"lqd-milestone d-flex align-items-start\">\n\n\t\t\t<div class=\"lqd-milestone-time h3 mt-0 font-weight-bold text-center me-3\"><span>01<\/span><\/div>\n\t\t\t<div class=\"lqd-milestone-content flex-grow-1\">\n\t\t\t\t<h5 class=\"mt-0 text-uppercase\">MANUFACTURING EXPERIENCE<\/h5><p data-start=\"255\" data-end=\"399\">A long-lasting and reliable equipment structure suitable for intensive studio use, based on over 30 years of manufacturing experience.<\/p>\n\t\t\t<\/div>\n\n\t\t<\/div>\n\t\t\t\t\t\t<\/div>\n\t\t\t\t<\/div>\n\t\t\t\t\t<\/div>\n\t\t<\/div>\n\t\t\t\t<div class=\"elementor-column elementor-col-50 elementor-inner-column elementor-element elementor-element-46ec4823\" data-id=\"46ec4823\" data-element_type=\"column\">\n\t\t\t<div class=\"elementor-widget-wrap elementor-element-populated\">\n\t\t\t\t\t\t<div class=\"elementor-element elementor-element-4a8f9cc2 elementor-widget elementor-widget-ld_milestone\" data-id=\"4a8f9cc2\" data-element_type=\"widget\" data-widget_type=\"ld_milestone.default\">\n\t\t\t\t<div class=\"elementor-widget-container\">\n\t\t\t\t\t\t\t<div class=\"lqd-milestone d-flex align-items-start\">\n\n\t\t\t<div class=\"lqd-milestone-time h3 mt-0 font-weight-bold text-center me-3\"><span>02<\/span><\/div>\n\t\t\t<div class=\"lqd-milestone-content flex-grow-1\">\n\t\t\t\t<h5 class=\"mt-0 text-uppercase\">MOVEMENT-FOCUSED DESIGN<\/h5><p data-start=\"252\" data-end=\"397\">A balanced and controlled design approach that considers the needs of the Pilates discipline and supports body mechanics.<\/p>\n<p data-start=\"399\" data-end=\"531\">\u00a0<\/p>\n\t\t\t<\/div>\n\n\t\t<\/div>\n\t\t\t\t\t\t<\/div>\n\t\t\t\t<\/div>\n\t\t\t\t\t<\/div>\n\t\t<\/div>\n\t\t\t\t\t<\/div>\n\t\t<\/section>\n\t\t\t\t<section class=\"elementor-section elementor-inner-section elementor-element elementor-element-46f5a134 elementor-section-boxed elementor-section-height-default elementor-section-height-default\" data-id=\"46f5a134\" data-element_type=\"section\">\n\t\t\t\t\t\t<div class=\"elementor-container elementor-column-gap-default\">\n\t\t\t\t\t<div class=\"elementor-column elementor-col-50 elementor-inner-column elementor-element elementor-element-43b6c7e2\" data-id=\"43b6c7e2\" data-element_type=\"column\">\n\t\t\t<div class=\"elementor-widget-wrap elementor-element-populated\">\n\t\t\t\t\t\t<div class=\"elementor-element elementor-element-2ca1cc20 elementor-widget elementor-widget-ld_milestone\" data-id=\"2ca1cc20\" data-element_type=\"widget\" data-widget_type=\"ld_milestone.default\">\n\t\t\t\t<div class=\"elementor-widget-container\">\n\t\t\t\t\t\t\t<div class=\"lqd-milestone d-flex align-items-start\">\n\n\t\t\t<div class=\"lqd-milestone-time h3 mt-0 font-weight-bold text-center me-3\"><span>03<\/span><\/div>\n\t\t\t<div class=\"lqd-milestone-content flex-grow-1\">\n\t\t\t\t<h5 class=\"mt-0 text-uppercase\">STUDIO-COMPATIBLE SOLUTIONS<\/h5><p data-start=\"399\" data-end=\"531\">Adjustable and functional details that adapt to different levels and usage habits.<\/p>\n\t\t\t<\/div>\n\n\t\t<\/div>\n\t\t\t\t\t\t<\/div>\n\t\t\t\t<\/div>\n\t\t\t\t\t<\/div>\n\t\t<\/div>\n\t\t\t\t<div class=\"elementor-column elementor-col-50 elementor-inner-column elementor-element elementor-element-cc74388\" data-id=\"cc74388\" data-element_type=\"column\">\n\t\t\t<div class=\"elementor-widget-wrap elementor-element-populated\">\n\t\t\t\t\t\t<div class=\"elementor-element elementor-element-7938edd3 elementor-widget elementor-widget-ld_milestone\" data-id=\"7938edd3\" data-element_type=\"widget\" data-widget_type=\"ld_milestone.default\">\n\t\t\t\t<div class=\"elementor-widget-container\">\n\t\t\t\t\t\t\t<div class=\"lqd-milestone d-flex align-items-start\">\n\n\t\t\t<div class=\"lqd-milestone-time h3 mt-0 font-weight-bold text-center me-3\"><span>04<\/span><\/div>\n\t\t\t<div class=\"lqd-milestone-content flex-grow-1\">\n\t\t\t\t<h5 class=\"mt-0 text-uppercase\">QUALITY &amp; TRUST<\/h5><p data-start=\"533\" data-end=\"647\">High quality standards, carefully selected materials, and a priority on long-lasting use.<\/p>\n\t\t\t<\/div>\n\n\t\t<\/div>\n\t\t\t\t\t\t<\/div>\n\t\t\t\t<\/div>\n\t\t\t\t\t<\/div>\n\t\t<\/div>\n\t\t\t\t\t<\/div>\n\t\t<\/section>\n\t\t\t\t\t<\/div>\n\t\t<\/div>\n\t\t\t\t\t<\/div>\n\t\t<\/section>\n\t\t\t\t<\/div>","protected":false},"excerpt":{"rendered":"<p>Hakk\u0131m\u0131zda Sole Pilates; detaylara \u00f6zen g\u00f6sterilen, y\u00fcksek kalite standartlar\u0131nda ve uzun \u00f6m\u00fcrl\u00fc Pilates ekipmanlar\u0131 sunar. Sole Pilates, kontroll\u00fc hareketi destekleyen profesyonel ekipmanlar sunar. Sole Pilates; spor sekt\u00f6r\u00fcnde 30 y\u0131l\u0131 a\u015fk\u0131n \u00fcretim ve sat\u0131\u015f deneyimini, Pilates alan\u0131ndaki profesyonel bilgi ve saha tecr\u00fcbesiyle bir araya getirir. Uzun y\u0131llara dayanan teknik uzmanl\u0131k; dayan\u0131kl\u0131, g\u00fcvenli ve estetik \u00fcr\u00fcnler geli\u015ftirmemizin [&hellip;]<\/p>","protected":false},"author":1,"featured_media":6691,"parent":0,"menu_order":0,"comment_status":"closed","ping_status":"closed","template":"","meta":{"_joinchat":[],"footnotes":""},"class_list":["post-6723","page","type-page","status-publish","has-post-thumbnail","hentry"],"jetpack_sharing_enabled":true,"_links":{"self":[{"href":"https:\/\/solepilates.com.tr\/en\/wp-json\/wp\/v2\/pages\/6723","targetHints":{"allow":["GET"]}}],"collection":[{"href":"https:\/\/solepilates.com.tr\/en\/wp-json\/wp\/v2\/pages"}],"about":[{"href":"https:\/\/solepilates.com.tr\/en\/wp-json\/wp\/v2\/types\/page"}],"author":[{"embeddable":true,"href":"https:\/\/solepilates.com.tr\/en\/wp-json\/wp\/v2\/users\/1"}],"replies":[{"embeddable":true,"href":"https:\/\/solepilates.com.tr\/en\/wp-json\/wp\/v2\/comments?post=6723"}],"version-history":[{"count":28,"href":"https:\/\/solepilates.com.tr\/en\/wp-json\/wp\/v2\/pages\/6723\/revisions"}],"predecessor-version":[{"id":6956,"href":"https:\/\/solepilates.com.tr\/en\/wp-json\/wp\/v2\/pages\/6723\/revisions\/6956"}],"wp:featuredmedia":[{"embeddable":true,"href":"https:\/\/solepilates.com.tr\/en\/wp-json\/wp\/v2\/media\/6691"}],"wp:attachment":[{"href":"https:\/\/solepilates.com.tr\/en\/wp-json\/wp\/v2\/media?parent=6723"}],"curies":[{"name":"wp","href":"https:\/\/api.w.org\/{rel}","templated":true}]}}