{"id":7089,"date":"2026-01-07T15:30:58","date_gmt":"2026-01-07T15:30:58","guid":{"rendered":"https:\/\/solepilates.com.tr\/?page_id=7089"},"modified":"2026-01-07T15:40:36","modified_gmt":"2026-01-07T15:40:36","slug":"hakkimizda-2","status":"publish","type":"page","link":"https:\/\/solepilates.com.tr\/en\/hakkimizda-2\/","title":{"rendered":"Contact"},"content":{"rendered":"<div data-elementor-type=\"wp-page\" data-elementor-id=\"7089\" class=\"elementor elementor-7089\">\n\t\t\t\t\t\t<section class=\"elementor-section elementor-top-section elementor-element elementor-element-149c3fe elementor-section-boxed elementor-section-height-default elementor-section-height-default\" data-id=\"149c3fe\" data-element_type=\"section\" id=\"consultancy\" data-settings=\"{&quot;background_background&quot;:&quot;slideshow&quot;,&quot;background_slideshow_gallery&quot;:[{&quot;id&quot;:6756,&quot;url&quot;:&quot;http:\\\/\\\/solepilates.com.tr\\\/wp-content\\\/uploads\\\/2025\\\/12\\\/6U2A9948-5-2.jpg&quot;}],&quot;background_slideshow_loop&quot;:&quot;yes&quot;,&quot;background_slideshow_slide_duration&quot;:5000,&quot;background_slideshow_slide_transition&quot;:&quot;fade&quot;,&quot;background_slideshow_transition_duration&quot;:500}\">\n\t\t\t\t\t\t<div class=\"elementor-container elementor-column-gap-default\">\n\t\t\t\t\t<div class=\"elementor-column elementor-col-100 elementor-top-column elementor-element elementor-element-257efc7e\" data-id=\"257efc7e\" data-element_type=\"column\" data-settings=\"{&quot;background_background&quot;:&quot;classic&quot;}\">\n\t\t\t<div class=\"elementor-widget-wrap elementor-element-populated\">\n\t\t\t\t\t\t<section class=\"elementor-section elementor-inner-section elementor-element elementor-element-62420161 elementor-section-boxed elementor-section-height-default elementor-section-height-default\" data-id=\"62420161\" data-element_type=\"section\">\n\t\t\t\t\t\t<div class=\"elementor-container elementor-column-gap-default\">\n\t\t\t\t\t<div class=\"elementor-column elementor-col-50 elementor-inner-column elementor-element elementor-element-435a0412\" data-id=\"435a0412\" data-element_type=\"column\">\n\t\t\t<div class=\"elementor-widget-wrap elementor-element-populated\">\n\t\t\t\t\t\t<div class=\"elementor-element elementor-element-4d213203 elementor-widget elementor-widget-hub_fancy_heading\" data-id=\"4d213203\" data-element_type=\"widget\" data-widget_type=\"hub_fancy_heading.default\">\n\t\t\t\t<div class=\"elementor-widget-container\">\n\t\t\t\t\t\n\t\t<div id=\"ld-fancy-heading-69f0ec2b8722f\" class=\"ld-fancy-heading pos-rel\">\n\t\t\t<h5 class=\"ld-fh-element d-inline-block pos-rel  elementor-heading-title lqd-highlight-classic lqd-highlight-grow-left h5\"  > Contact Us<\/h5>\t\t<\/div>\n\n\t\t\t\t\t\t<\/div>\n\t\t\t\t<\/div>\n\t\t\t\t<div class=\"elementor-element elementor-element-2fc599a9 elementor-widget elementor-widget-hub_fancy_heading\" data-id=\"2fc599a9\" data-element_type=\"widget\" data-widget_type=\"hub_fancy_heading.default\">\n\t\t\t\t<div class=\"elementor-widget-container\">\n\t\t\t\t\t\n\t\t<div id=\"ld-fancy-heading-69f0ec2b88182\" class=\"ld-fancy-heading pos-rel\">\n\t\t\t<p class=\"ld-fh-element d-inline-block pos-rel  lqd-highlight-classic lqd-highlight-grow-left p\"  > 846 Sokak No:25 Konak\/Izmir<\/p>\t\t<\/div>\n\n\t\t\t\t\t\t<\/div>\n\t\t\t\t<\/div>\n\t\t\t\t<div class=\"elementor-element elementor-element-7e902bd0 elementor-widget elementor-widget-hub_fancy_heading\" data-id=\"7e902bd0\" data-element_type=\"widget\" data-widget_type=\"hub_fancy_heading.default\">\n\t\t\t\t<div class=\"elementor-widget-container\">\n\t\t\t\t\t\n\t\t<div id=\"ld-fancy-heading-69f0ec2b88c67\" class=\"ld-fancy-heading pos-rel\">\n\t\t\t<p class=\"ld-fh-element d-inline-block pos-rel  lqd-highlight-classic lqd-highlight-grow-left p\"  > solepilatesequipment@gmail.com<\/p>\t\t<\/div>\n\n\t\t\t\t\t\t<\/div>\n\t\t\t\t<\/div>\n\t\t\t\t<div class=\"elementor-element elementor-element-696e0faa elementor-widget elementor-widget-hub_fancy_heading\" data-id=\"696e0faa\" data-element_type=\"widget\" data-widget_type=\"hub_fancy_heading.default\">\n\t\t\t\t<div class=\"elementor-widget-container\">\n\t\t\t\t\t\n\t\t<div id=\"ld-fancy-heading-69f0ec2b89724\" class=\"ld-fancy-heading pos-rel\">\n\t\t\t<p class=\"ld-fh-element d-inline-block pos-rel  lqd-highlight-classic lqd-highlight-grow-left p\"  > Telefon: +90 532 375 54 05<\/p>\t\t<\/div>\n\n\t\t\t\t\t\t<\/div>\n\t\t\t\t<\/div>\n\t\t\t\t\t<\/div>\n\t\t<\/div>\n\t\t\t\t<div class=\"elementor-column elementor-col-50 elementor-inner-column elementor-element elementor-element-71dd626a\" data-id=\"71dd626a\" data-element_type=\"column\">\n\t\t\t<div class=\"elementor-widget-wrap elementor-element-populated\">\n\t\t\t\t\t\t<div class=\"elementor-element elementor-element-70b801fe elementor-widget elementor-widget-hub_fancy_heading\" data-id=\"70b801fe\" data-element_type=\"widget\" data-widget_type=\"hub_fancy_heading.default\">\n\t\t\t\t<div class=\"elementor-widget-container\">\n\t\t\t\t\t\n\t\t<div id=\"ld-fancy-heading-69f0ec2b8a20a\" class=\"ld-fancy-heading pos-rel\">\n\t\t\t<h6 class=\"ld-fh-element d-inline-block pos-rel  elementor-heading-title lqd-highlight-classic lqd-highlight-grow-left h6\"  > Sole P\u0131lates<\/h6>\t\t<\/div>\n\n\t\t\t\t\t\t<\/div>\n\t\t\t\t<\/div>\n\t\t\t\t<div class=\"elementor-element elementor-element-3586a06f elementor-widget__width-initial elementor-widget elementor-widget-hub_fancy_heading\" data-id=\"3586a06f\" data-element_type=\"widget\" data-widget_type=\"hub_fancy_heading.default\">\n\t\t\t\t<div class=\"elementor-widget-container\">\n\t\t\t\t\t\n\t\t<div id=\"ld-fancy-heading-69f0ec2b8ad14\" class=\"ld-fancy-heading pos-rel\">\n\t\t\t<p class=\"ld-fh-element d-inline-block pos-rel  lqd-highlight-classic lqd-highlight-grow-left p\"  > Sole Pilates offers the right solutions with equipment designed for studio and professional use.\nYou can contact us for detailed information about our products, ordering process, or collaboration opportunities.<\/p>\t\t<\/div>\n\n\t\t\t\t\t\t<\/div>\n\t\t\t\t<\/div>\n\t\t\t\t\t<\/div>\n\t\t<\/div>\n\t\t\t\t\t<\/div>\n\t\t<\/section>\n\t\t\t\t\t<\/div>\n\t\t<\/div>\n\t\t\t\t\t<\/div>\n\t\t<\/section>\n\t\t\t\t<\/div>","protected":false},"excerpt":{"rendered":"<p>\u0130leti\u015fim Bilgileri 846 Sokak No:25 Konak\/Izmir solepilatesequipment@gmail.com Telefon: +90 532 375 54 05 Sole P\u0131lates Sole Pilates, st\u00fcdyo ve profesyonel kullan\u0131ma uygun ekipmanlar\u0131yla size en do\u011fru \u00e7\u00f6z\u00fcmleri sunar. \u00dcr\u00fcnlerimiz, sipari\u015f s\u00fcreci veya i\u015f birlikleri hakk\u0131nda detayl\u0131 bilgi almak i\u00e7in bize ula\u015fabilirsiniz.<\/p>","protected":false},"author":1,"featured_media":0,"parent":0,"menu_order":0,"comment_status":"closed","ping_status":"closed","template":"","meta":{"_joinchat":[],"footnotes":""},"class_list":["post-7089","page","type-page","status-publish","hentry"],"jetpack_sharing_enabled":true,"_links":{"self":[{"href":"https:\/\/solepilates.com.tr\/en\/wp-json\/wp\/v2\/pages\/7089","targetHints":{"allow":["GET"]}}],"collection":[{"href":"https:\/\/solepilates.com.tr\/en\/wp-json\/wp\/v2\/pages"}],"about":[{"href":"https:\/\/solepilates.com.tr\/en\/wp-json\/wp\/v2\/types\/page"}],"author":[{"embeddable":true,"href":"https:\/\/solepilates.com.tr\/en\/wp-json\/wp\/v2\/users\/1"}],"replies":[{"embeddable":true,"href":"https:\/\/solepilates.com.tr\/en\/wp-json\/wp\/v2\/comments?post=7089"}],"version-history":[{"count":12,"href":"https:\/\/solepilates.com.tr\/en\/wp-json\/wp\/v2\/pages\/7089\/revisions"}],"predecessor-version":[{"id":7103,"href":"https:\/\/solepilates.com.tr\/en\/wp-json\/wp\/v2\/pages\/7089\/revisions\/7103"}],"wp:attachment":[{"href":"https:\/\/solepilates.com.tr\/en\/wp-json\/wp\/v2\/media?parent=7089"}],"curies":[{"name":"wp","href":"https:\/\/api.w.org\/{rel}","templated":true}]}}